{"id":1323,"date":"2023-03-09T11:22:21","date_gmt":"2023-03-09T11:22:21","guid":{"rendered":"https:\/\/silent-breeze-ydd3w2zlz0zb.ymirsites.com\/?page_id=1323"},"modified":"2023-12-13T10:41:59","modified_gmt":"2023-12-13T10:41:59","slug":"acciaio","status":"publish","type":"page","link":"https:\/\/venetamineraria.com\/en\/products-and-markets\/steel\/","title":{"rendered":"Steel"},"content":{"rendered":"<div data-elementor-type=\"wp-page\" data-elementor-id=\"1323\" class=\"elementor elementor-1323\" data-elementor-post-type=\"page\">\n\t\t\t\t\t\t\t\t\t<section class=\"elementor-section elementor-top-section elementor-element elementor-element-730cadb0 elementor-section-height-min-height elementor-section-boxed elementor-section-height-default elementor-section-items-middle\" data-id=\"730cadb0\" data-element_type=\"section\" data-settings=\"{&quot;background_background&quot;:&quot;classic&quot;,&quot;shape_divider_bottom&quot;:&quot;tilt&quot;}\">\n\t\t\t\t\t\t\t<div class=\"elementor-background-overlay\"><\/div>\n\t\t\t\t\t\t<div class=\"elementor-shape elementor-shape-bottom\" data-negative=\"false\">\n\t\t\t<svg xmlns=\"http:\/\/www.w3.org\/2000\/svg\" viewbox=\"0 0 1000 100\" preserveaspectratio=\"none\">\n\t<path class=\"elementor-shape-fill\" d=\"M0,6V0h1000v100L0,6z\"\/>\n<\/svg>\t\t<\/div>\n\t\t\t\t\t<div class=\"elementor-container elementor-column-gap-default\">\n\t\t\t\t\t<div class=\"elementor-column elementor-col-100 elementor-top-column elementor-element elementor-element-7c71f9f8\" data-id=\"7c71f9f8\" data-element_type=\"column\">\n\t\t\t<div class=\"elementor-widget-wrap elementor-element-populated\">\n\t\t\t\t\t\t\t\t\t<\/div>\n\t\t<\/div>\n\t\t\t\t\t\t\t<\/div>\n\t\t<\/section>\n\t\t<div class=\"elementor-element elementor-element-e6b8b45 e-flex e-con-boxed e-con e-parent\" data-id=\"e6b8b45\" data-element_type=\"container\" data-settings=\"{&quot;content_width&quot;:&quot;boxed&quot;}\" data-core-v316-plus=\"true\">\n\t\t\t\t\t<div class=\"e-con-inner\">\n\t\t\t\t<div class=\"elementor-element elementor-element-c884351 elementor-widget__width-initial elementor-widget elementor-widget-text-editor\" data-id=\"c884351\" data-element_type=\"widget\" data-widget_type=\"text-editor.default\">\n\t\t\t\t<div class=\"elementor-widget-container\">\n\t\t\t\t\t\t\t<p>Since the industrial revolution, steel has played a major role in the technological progress of mankind. Its properties of resistance (to pressure, high temperatures, atmospheric agents, corrosive agents) and ductility (ability to withstand \"plastic\" deformation before breaking) make it ideal for myriad applications. What\u2019s more, it\u2019s totally recyclable and can be reused a virtually infinite number of times.<\/p><p class=\" translation-block\">Veneta Mineraria supplies the steel market with sulphur compounds. When combined with particular elements such as manganese, these are used to produce free machining steel that readily forms small chips when machined, meaning it\u2019s easier to work with machine tools. <\/br>\nSulphur can be added directly to the molten metal or via cored wire, either as the base element sulphur or in the form of pyrite (iron-sulphur).<\/p>\t\t\t\t\t\t<\/div>\n\t\t\t\t<\/div>\n\t\t\t\t\t<\/div>\n\t\t\t\t<\/div>\n\t\t\t\t<section class=\"elementor-section elementor-top-section elementor-element elementor-element-1988f915 elementor-section-height-min-height elementor-section-boxed elementor-section-height-default elementor-section-items-middle\" data-id=\"1988f915\" data-element_type=\"section\" data-settings=\"{&quot;background_background&quot;:&quot;classic&quot;}\">\n\t\t\t\t\t\t\t<div class=\"elementor-background-overlay\"><\/div>\n\t\t\t\t\t\t\t<div class=\"elementor-container elementor-column-gap-default\">\n\t\t\t\t\t<div class=\"elementor-column elementor-col-100 elementor-top-column elementor-element elementor-element-49a0ba83\" data-id=\"49a0ba83\" data-element_type=\"column\">\n\t\t\t<div class=\"elementor-widget-wrap elementor-element-populated\">\n\t\t\t\t\t\t\t\t<div class=\"elementor-element elementor-element-a6984cb elementor-widget elementor-widget-heading\" data-id=\"a6984cb\" data-element_type=\"widget\" data-widget_type=\"heading.default\">\n\t\t\t\t<div class=\"elementor-widget-container\">\n\t\t\t<h5 class=\"elementor-heading-title elementor-size-default\">Products<\/h5>\t\t<\/div>\n\t\t\t\t<\/div>\n\t\t\t\t<div class=\"elementor-element elementor-element-94f3209 elementor-grid-5 elementor-grid-tablet-2 elementor-grid-mobile-1 elementor-widget elementor-widget-loop-grid\" data-id=\"94f3209\" data-element_type=\"widget\" data-settings=\"{&quot;template_id&quot;:&quot;1418&quot;,&quot;columns&quot;:5,&quot;row_gap&quot;:{&quot;unit&quot;:&quot;px&quot;,&quot;size&quot;:32,&quot;sizes&quot;:[]},&quot;_skin&quot;:&quot;post&quot;,&quot;columns_tablet&quot;:&quot;2&quot;,&quot;columns_mobile&quot;:&quot;1&quot;,&quot;edit_handle_selector&quot;:&quot;[data-elementor-type=\\&quot;loop-item\\&quot;]&quot;,&quot;row_gap_tablet&quot;:{&quot;unit&quot;:&quot;px&quot;,&quot;size&quot;:&quot;&quot;,&quot;sizes&quot;:[]},&quot;row_gap_mobile&quot;:{&quot;unit&quot;:&quot;px&quot;,&quot;size&quot;:&quot;&quot;,&quot;sizes&quot;:[]}}\" data-widget_type=\"loop-grid.post\">\n\t\t\t\t<div class=\"elementor-widget-container\">\n\t\t\t\t\t<div class=\"elementor-loop-container elementor-grid\">\n\t\t<style id=\"loop-1418\">.elementor-1418 .elementor-element.elementor-element-0a6853b{--display:flex;--min-height:395px;--flex-direction:row;--container-widget-width:calc( ( 1 - var( --container-widget-flex-grow ) ) * 100% );--container-widget-height:100%;--container-widget-flex-grow:1;--container-widget-align-self:stretch;--align-items:stretch;--gap:10px 10px;--background-transition:0.3s;--padding-block-start:0px;--padding-block-end:0px;--padding-inline-start:0px;--padding-inline-end:0px;}.elementor-1418 .elementor-element.elementor-element-89b8ceb{--display:flex;--justify-content:space-between;--gap:0px 0px;--background-transition:0.3s;}.elementor-1418 .elementor-element.elementor-element-f875def .elementor-heading-title{font-family:var( --e-global-typography-78a36cb-font-family ), Sans-serif;font-size:var( --e-global-typography-78a36cb-font-size );font-weight:var( --e-global-typography-78a36cb-font-weight );text-transform:var( --e-global-typography-78a36cb-text-transform );line-height:var( --e-global-typography-78a36cb-line-height );letter-spacing:var( --e-global-typography-78a36cb-letter-spacing );word-spacing:var( --e-global-typography-78a36cb-word-spacing );}.elementor-1418 .elementor-element.elementor-element-f875def > .elementor-widget-container{margin:0px 0px 30px 0px;}.elementor-1418 .elementor-element.elementor-element-f875def{width:var( --container-widget-width, 80% );max-width:80%;--container-widget-width:80%;--container-widget-flex-grow:0;}.elementor-1418 .elementor-element.elementor-element-374c128{text-align:left;}.elementor-1418 .elementor-element.elementor-element-374c128 img{width:240px;max-width:100%;height:240px;object-fit:contain;}.elementor-1418 .elementor-element.elementor-element-374c128 > .elementor-widget-container{margin:0px 0px 0px 0px;}.elementor-1418 .elementor-element.elementor-element-6e856b4 .elementor-button{font-family:\"Overpass\", Sans-serif;font-size:16px;font-weight:900;text-transform:none;font-style:normal;text-decoration:none;fill:var( --e-global-color-text );color:var( --e-global-color-text );background-color:#FFFFFF00;}.elementor-1418 .elementor-element.elementor-element-6e856b4 .elementor-button:hover, .elementor-1418 .elementor-element.elementor-element-6e856b4 .elementor-button:focus{color:var( --e-global-color-secondary );}.elementor-1418 .elementor-element.elementor-element-6e856b4 .elementor-button:hover svg, .elementor-1418 .elementor-element.elementor-element-6e856b4 .elementor-button:focus svg{fill:var( --e-global-color-secondary );}.elementor-1418 .elementor-element.elementor-element-6e856b4 > .elementor-widget-container{margin:0px 0px 0px 0px;padding:0px 0px 0px 0px;}@media(max-width:1100px){.elementor-1418 .elementor-element.elementor-element-f875def .elementor-heading-title{font-size:var( --e-global-typography-78a36cb-font-size );line-height:var( --e-global-typography-78a36cb-line-height );letter-spacing:var( --e-global-typography-78a36cb-letter-spacing );word-spacing:var( --e-global-typography-78a36cb-word-spacing );}.elementor-1418 .elementor-element.elementor-element-6e856b4 .elementor-button{font-size:15px;}}@media(max-width:767px){.elementor-1418 .elementor-element.elementor-element-f875def .elementor-heading-title{font-size:var( --e-global-typography-78a36cb-font-size );line-height:var( --e-global-typography-78a36cb-line-height );letter-spacing:var( --e-global-typography-78a36cb-letter-spacing );word-spacing:var( --e-global-typography-78a36cb-word-spacing );}.elementor-1418 .elementor-element.elementor-element-f875def{--container-widget-width:100%;--container-widget-flex-grow:0;width:var( --container-widget-width, 100% );max-width:100%;}.elementor-1418 .elementor-element.elementor-element-6e856b4 .elementor-button{font-size:15px;}}<\/style>\t\t<div data-elementor-type=\"loop-item\" data-elementor-id=\"1418\" class=\"elementor elementor-1418 e-loop-item e-loop-item-1298 post-1298 page type-page status-publish has-post-thumbnail hentry\" data-elementor-post-type=\"elementor_library\" data-custom-edit-handle=\"1\">\n\t\t\t\t\t\t<div class=\"elementor-element elementor-element-0a6853b e-con-full e-flex e-con e-parent\" data-id=\"0a6853b\" data-element_type=\"container\" data-settings=\"{&quot;content_width&quot;:&quot;full&quot;}\" data-core-v316-plus=\"true\">\n\t\t<div class=\"elementor-element elementor-element-89b8ceb e-con-full e-flex e-con e-child\" data-id=\"89b8ceb\" data-element_type=\"container\" data-settings=\"{&quot;content_width&quot;:&quot;full&quot;}\">\n\t\t\t\t<div class=\"elementor-element elementor-element-f875def elementor-widget__width-initial elementor-widget elementor-widget-heading\" data-id=\"f875def\" data-element_type=\"widget\" data-widget_type=\"heading.default\">\n\t\t\t\t<div class=\"elementor-widget-container\">\n\t\t\t<h5 class=\"elementor-heading-title elementor-size-default\">Iron pyrite<\/h5>\t\t<\/div>\n\t\t\t\t<\/div>\n\t\t\t\t<div class=\"elementor-element elementor-element-374c128 elementor-widget elementor-widget-image\" data-id=\"374c128\" data-element_type=\"widget\" data-widget_type=\"image.default\">\n\t\t\t\t<div class=\"elementor-widget-container\">\n\t\t\t\t\t\t\t\t\t\t\t\t\t\t\t\t<a href=\"https:\/\/venetamineraria.com\/en\/products-and-markets\/iron-pyrite\/\">\n\t\t\t\t\t\t\t<img decoding=\"async\" loading=\"lazy\" width=\"1068\" height=\"965\" src=\"https:\/\/venetamineraria.com\/app\/uploads\/2023\/03\/pirite-minerale.jpg\" class=\"attachment-full size-full wp-image-1611\" alt=\"\" srcset=\"https:\/\/venetamineraria.com\/app\/uploads\/2023\/03\/pirite-minerale.jpg 1068w, https:\/\/venetamineraria.com\/app\/uploads\/2023\/03\/pirite-minerale-300x271.jpg 300w, https:\/\/venetamineraria.com\/app\/uploads\/2023\/03\/pirite-minerale-1024x925.jpg 1024w, https:\/\/venetamineraria.com\/app\/uploads\/2023\/03\/pirite-minerale-768x694.jpg 768w, https:\/\/venetamineraria.com\/app\/uploads\/2023\/03\/pirite-minerale-13x12.jpg 13w\" sizes=\"(max-width: 1068px) 100vw, 1068px\" \/>\t\t\t\t\t\t\t\t<\/a>\n\t\t\t\t\t\t\t\t\t\t\t\t\t\t\t<\/div>\n\t\t\t\t<\/div>\n\t\t\t\t<div class=\"elementor-element elementor-element-6e856b4 elementor-widget elementor-widget-button\" data-id=\"6e856b4\" data-element_type=\"widget\" data-widget_type=\"button.default\">\n\t\t\t\t<div class=\"elementor-widget-container\">\n\t\t\t\t\t<div class=\"elementor-button-wrapper\">\n\t\t\t<a class=\"elementor-button elementor-button-link elementor-size-sm\" href=\"https:\/\/venetamineraria.com\/en\/products-and-markets\/iron-pyrite\/\">\n\t\t\t\t\t\t<span class=\"elementor-button-content-wrapper\">\n\t\t\t\t\t\t<span class=\"elementor-button-icon elementor-align-icon-left\">\n\t\t\t\t<i aria-hidden=\"true\" class=\"far fa-arrow-alt-circle-right\"><\/i>\t\t\t<\/span>\n\t\t\t\t\t\t<span class=\"elementor-button-text\">Read more<\/span>\n\t\t<\/span>\n\t\t\t\t\t<\/a>\n\t\t<\/div>\n\t\t\t\t<\/div>\n\t\t\t\t<\/div>\n\t\t\t\t<\/div>\n\t\t\t\t<\/div>\n\t\t\t\t\t\t<\/div>\n\t\t\t\t<div data-elementor-type=\"loop-item\" data-elementor-id=\"1418\" class=\"elementor elementor-1418 e-loop-item e-loop-item-1303 post-1303 page type-page status-publish has-post-thumbnail hentry\" data-elementor-post-type=\"elementor_library\" data-custom-edit-handle=\"1\">\n\t\t\t\t\t\t<div class=\"elementor-element elementor-element-0a6853b e-con-full e-flex e-con e-parent\" data-id=\"0a6853b\" data-element_type=\"container\" data-settings=\"{&quot;content_width&quot;:&quot;full&quot;}\" data-core-v316-plus=\"true\">\n\t\t<div class=\"elementor-element elementor-element-89b8ceb e-con-full e-flex e-con e-child\" data-id=\"89b8ceb\" data-element_type=\"container\" data-settings=\"{&quot;content_width&quot;:&quot;full&quot;}\">\n\t\t\t\t<div class=\"elementor-element elementor-element-f875def elementor-widget__width-initial elementor-widget elementor-widget-heading\" data-id=\"f875def\" data-element_type=\"widget\" data-widget_type=\"heading.default\">\n\t\t\t\t<div class=\"elementor-widget-container\">\n\t\t\t<h5 class=\"elementor-heading-title elementor-size-default\">Sulphur<\/h5>\t\t<\/div>\n\t\t\t\t<\/div>\n\t\t\t\t<div class=\"elementor-element elementor-element-374c128 elementor-widget elementor-widget-image\" data-id=\"374c128\" data-element_type=\"widget\" data-widget_type=\"image.default\">\n\t\t\t\t<div class=\"elementor-widget-container\">\n\t\t\t\t\t\t\t\t\t\t\t\t\t\t\t\t<a href=\"https:\/\/venetamineraria.com\/en\/products-and-markets\/sulphur\/\">\n\t\t\t\t\t\t\t<img decoding=\"async\" loading=\"lazy\" width=\"1068\" height=\"965\" src=\"https:\/\/venetamineraria.com\/app\/uploads\/2023\/03\/zolfo.png\" class=\"attachment-full size-full wp-image-1717\" alt=\"\" srcset=\"https:\/\/venetamineraria.com\/app\/uploads\/2023\/03\/zolfo.png 1068w, https:\/\/venetamineraria.com\/app\/uploads\/2023\/03\/zolfo-300x271.png 300w, https:\/\/venetamineraria.com\/app\/uploads\/2023\/03\/zolfo-1024x925.png 1024w, https:\/\/venetamineraria.com\/app\/uploads\/2023\/03\/zolfo-768x694.png 768w, https:\/\/venetamineraria.com\/app\/uploads\/2023\/03\/zolfo-13x12.png 13w\" sizes=\"(max-width: 1068px) 100vw, 1068px\" \/>\t\t\t\t\t\t\t\t<\/a>\n\t\t\t\t\t\t\t\t\t\t\t\t\t\t\t<\/div>\n\t\t\t\t<\/div>\n\t\t\t\t<div class=\"elementor-element elementor-element-6e856b4 elementor-widget elementor-widget-button\" data-id=\"6e856b4\" data-element_type=\"widget\" data-widget_type=\"button.default\">\n\t\t\t\t<div class=\"elementor-widget-container\">\n\t\t\t\t\t<div class=\"elementor-button-wrapper\">\n\t\t\t<a class=\"elementor-button elementor-button-link elementor-size-sm\" href=\"https:\/\/venetamineraria.com\/en\/products-and-markets\/sulphur\/\">\n\t\t\t\t\t\t<span class=\"elementor-button-content-wrapper\">\n\t\t\t\t\t\t<span class=\"elementor-button-icon elementor-align-icon-left\">\n\t\t\t\t<i aria-hidden=\"true\" class=\"far fa-arrow-alt-circle-right\"><\/i>\t\t\t<\/span>\n\t\t\t\t\t\t<span class=\"elementor-button-text\">Read more<\/span>\n\t\t<\/span>\n\t\t\t\t\t<\/a>\n\t\t<\/div>\n\t\t\t\t<\/div>\n\t\t\t\t<\/div>\n\t\t\t\t<\/div>\n\t\t\t\t<\/div>\n\t\t\t\t\t\t<\/div>\n\t\t\t\t<\/div>\n\t\t\n\t\t\t\t<\/div>\n\t\t\t\t<\/div>\n\t\t\t\t\t<\/div>\n\t\t<\/div>\n\t\t\t\t\t\t\t<\/div>\n\t\t<\/section>\n\t\t\t\t\t\t\t<\/div>","protected":false},"excerpt":{"rendered":"<p>Fin dall&#8217;origine della societ\u00e0 industriale, l&#8217;acciaio ha sempre ricoperto un ruolo primario ed ha accompagnato il progresso tecnologico della civilt\u00e0. Le propriet\u00e0 di resistenza (alle pressioni, alle alte temperature, agli agenti atmosferici, agli agenti corrosivi) e duttilit\u00e0 ( capacit\u00e0 sopportare una deformazione \u201cplastica\u201d prima di arrivare alla rottura) ne permettono l\u2019utilizzo nelle pi\u00f9 svariate applicazioni&#8230;.<\/p>","protected":false},"author":3,"featured_media":1519,"parent":128,"menu_order":11,"comment_status":"closed","ping_status":"closed","template":"","meta":{"footnotes":""},"acf":[],"_links":{"self":[{"href":"https:\/\/venetamineraria.com\/en\/wp-json\/wp\/v2\/pages\/1323"}],"collection":[{"href":"https:\/\/venetamineraria.com\/en\/wp-json\/wp\/v2\/pages"}],"about":[{"href":"https:\/\/venetamineraria.com\/en\/wp-json\/wp\/v2\/types\/page"}],"author":[{"embeddable":true,"href":"https:\/\/venetamineraria.com\/en\/wp-json\/wp\/v2\/users\/3"}],"replies":[{"embeddable":true,"href":"https:\/\/venetamineraria.com\/en\/wp-json\/wp\/v2\/comments?post=1323"}],"version-history":[{"count":56,"href":"https:\/\/venetamineraria.com\/en\/wp-json\/wp\/v2\/pages\/1323\/revisions"}],"predecessor-version":[{"id":4051,"href":"https:\/\/venetamineraria.com\/en\/wp-json\/wp\/v2\/pages\/1323\/revisions\/4051"}],"up":[{"embeddable":true,"href":"https:\/\/venetamineraria.com\/en\/wp-json\/wp\/v2\/pages\/128"}],"wp:featuredmedia":[{"embeddable":true,"href":"https:\/\/venetamineraria.com\/en\/wp-json\/wp\/v2\/media\/1519"}],"wp:attachment":[{"href":"https:\/\/venetamineraria.com\/en\/wp-json\/wp\/v2\/media?parent=1323"}],"curies":[{"name":"wp","href":"https:\/\/api.w.org\/{rel}","templated":true}]}}