{"id":1356,"date":"2023-03-02T14:14:42","date_gmt":"2023-03-02T14:14:42","guid":{"rendered":"https:\/\/silent-breeze-ydd3w2zlz0zb.ymirsites.com\/?page_id=1356"},"modified":"2023-12-13T10:44:05","modified_gmt":"2023-12-13T10:44:05","slug":"polimeri","status":"publish","type":"page","link":"https:\/\/venetamineraria.com\/en\/products-and-markets\/plastics\/","title":{"rendered":"Plastics"},"content":{"rendered":"<div data-elementor-type=\"wp-page\" data-elementor-id=\"1356\" class=\"elementor elementor-1356\" data-elementor-post-type=\"page\">\n\t\t\t\t\t\t\t\t\t<section class=\"elementor-section elementor-top-section elementor-element elementor-element-11569024 elementor-section-height-min-height elementor-section-boxed elementor-section-height-default elementor-section-items-middle\" data-id=\"11569024\" data-element_type=\"section\" data-settings=\"{&quot;background_background&quot;:&quot;classic&quot;,&quot;shape_divider_bottom&quot;:&quot;tilt&quot;}\">\n\t\t\t\t\t\t\t<div class=\"elementor-background-overlay\"><\/div>\n\t\t\t\t\t\t<div class=\"elementor-shape elementor-shape-bottom\" data-negative=\"false\">\n\t\t\t<svg xmlns=\"http:\/\/www.w3.org\/2000\/svg\" viewbox=\"0 0 1000 100\" preserveaspectratio=\"none\">\n\t<path class=\"elementor-shape-fill\" d=\"M0,6V0h1000v100L0,6z\"\/>\n<\/svg>\t\t<\/div>\n\t\t\t\t\t<div class=\"elementor-container elementor-column-gap-default\">\n\t\t\t\t\t<div class=\"elementor-column elementor-col-100 elementor-top-column elementor-element elementor-element-582ad56b\" data-id=\"582ad56b\" data-element_type=\"column\">\n\t\t\t<div class=\"elementor-widget-wrap elementor-element-populated\">\n\t\t\t\t\t\t\t\t\t<\/div>\n\t\t<\/div>\n\t\t\t\t\t\t\t<\/div>\n\t\t<\/section>\n\t\t<div class=\"elementor-element elementor-element-72d42a6 e-flex e-con-boxed e-con e-parent\" data-id=\"72d42a6\" data-element_type=\"container\" data-settings=\"{&quot;content_width&quot;:&quot;boxed&quot;}\" data-core-v316-plus=\"true\">\n\t\t\t\t\t<div class=\"e-con-inner\">\n\t\t\t\t<div class=\"elementor-element elementor-element-ed431e1 elementor-widget__width-initial elementor-widget elementor-widget-text-editor\" data-id=\"ed431e1\" data-element_type=\"widget\" data-widget_type=\"text-editor.default\">\n\t\t\t\t<div class=\"elementor-widget-container\">\n\t\t\t\t\t\t\t<p>The compounding industry transforms and modifies polymers by adding various additives and fillers until the desired physical, thermal, electrical and aesthetic properties are obtained. This results in a blend which is then used to create the finished plastic product by means of extrusion or moulding.<br \/>Fillers are widely used in these applications to fullfill many purposes including: modifying weight and electrical conductivity, improving physical and thermal properties and reducing production costs.<\/p><p>The particle size distribution, surface and shape of the filler particles are essential for achieving the desired properties.<br \/>Veneta Mineraria offers a wide selection of micronized micas with controlled physical characteristics and grain size, developed with the aim of strengthening virgin and\/or regenerated polymers. The fine lamellar structure of mica gives the polymers rigidity, dielectric properties and good resistance to atmospheric agents and wear. Additionally, mica improves dimensional stability, possesses sound-absorbing properties, and stabilizes char formation in flame-retardant polymeric materials.<br \/>Veneta Mineraria's mica can easily be added to many thermoplastic polymers and thermosetting resins.<\/p>\t\t\t\t\t\t<\/div>\n\t\t\t\t<\/div>\n\t\t\t\t\t<\/div>\n\t\t\t\t<\/div>\n\t\t\t\t<section class=\"elementor-section elementor-top-section elementor-element elementor-element-417e6740 elementor-section-height-min-height elementor-section-boxed elementor-section-height-default elementor-section-items-middle\" data-id=\"417e6740\" data-element_type=\"section\" data-settings=\"{&quot;background_background&quot;:&quot;classic&quot;}\">\n\t\t\t\t\t\t\t<div class=\"elementor-background-overlay\"><\/div>\n\t\t\t\t\t\t\t<div class=\"elementor-container elementor-column-gap-default\">\n\t\t\t\t\t<div class=\"elementor-column elementor-col-100 elementor-top-column elementor-element elementor-element-609fee08\" data-id=\"609fee08\" data-element_type=\"column\">\n\t\t\t<div class=\"elementor-widget-wrap elementor-element-populated\">\n\t\t\t\t\t\t\t\t<div class=\"elementor-element elementor-element-4ee028b5 elementor-widget elementor-widget-heading\" data-id=\"4ee028b5\" data-element_type=\"widget\" data-widget_type=\"heading.default\">\n\t\t\t\t<div class=\"elementor-widget-container\">\n\t\t\t<h5 class=\"elementor-heading-title elementor-size-default\">Products<\/h5>\t\t<\/div>\n\t\t\t\t<\/div>\n\t\t\t\t<div class=\"elementor-element elementor-element-2ee4d9f elementor-grid-5 elementor-grid-tablet-2 elementor-grid-mobile-1 elementor-widget elementor-widget-loop-grid\" data-id=\"2ee4d9f\" data-element_type=\"widget\" data-settings=\"{&quot;template_id&quot;:&quot;1418&quot;,&quot;columns&quot;:5,&quot;row_gap&quot;:{&quot;unit&quot;:&quot;px&quot;,&quot;size&quot;:32,&quot;sizes&quot;:[]},&quot;_skin&quot;:&quot;post&quot;,&quot;columns_tablet&quot;:&quot;2&quot;,&quot;columns_mobile&quot;:&quot;1&quot;,&quot;edit_handle_selector&quot;:&quot;[data-elementor-type=\\&quot;loop-item\\&quot;]&quot;,&quot;row_gap_tablet&quot;:{&quot;unit&quot;:&quot;px&quot;,&quot;size&quot;:&quot;&quot;,&quot;sizes&quot;:[]},&quot;row_gap_mobile&quot;:{&quot;unit&quot;:&quot;px&quot;,&quot;size&quot;:&quot;&quot;,&quot;sizes&quot;:[]}}\" data-widget_type=\"loop-grid.post\">\n\t\t\t\t<div class=\"elementor-widget-container\">\n\t\t\t\t\t<div class=\"elementor-loop-container elementor-grid\">\n\t\t<style id=\"loop-1418\">.elementor-1418 .elementor-element.elementor-element-0a6853b{--display:flex;--min-height:395px;--flex-direction:row;--container-widget-width:calc( ( 1 - var( --container-widget-flex-grow ) ) * 100% );--container-widget-height:100%;--container-widget-flex-grow:1;--container-widget-align-self:stretch;--align-items:stretch;--gap:10px 10px;--background-transition:0.3s;--padding-block-start:0px;--padding-block-end:0px;--padding-inline-start:0px;--padding-inline-end:0px;}.elementor-1418 .elementor-element.elementor-element-89b8ceb{--display:flex;--justify-content:space-between;--gap:0px 0px;--background-transition:0.3s;}.elementor-1418 .elementor-element.elementor-element-f875def .elementor-heading-title{font-family:var( --e-global-typography-78a36cb-font-family ), Sans-serif;font-size:var( --e-global-typography-78a36cb-font-size );font-weight:var( --e-global-typography-78a36cb-font-weight );text-transform:var( --e-global-typography-78a36cb-text-transform );line-height:var( --e-global-typography-78a36cb-line-height );letter-spacing:var( --e-global-typography-78a36cb-letter-spacing );word-spacing:var( --e-global-typography-78a36cb-word-spacing );}.elementor-1418 .elementor-element.elementor-element-f875def > .elementor-widget-container{margin:0px 0px 30px 0px;}.elementor-1418 .elementor-element.elementor-element-f875def{width:var( --container-widget-width, 80% );max-width:80%;--container-widget-width:80%;--container-widget-flex-grow:0;}.elementor-1418 .elementor-element.elementor-element-374c128{text-align:left;}.elementor-1418 .elementor-element.elementor-element-374c128 img{width:240px;max-width:100%;height:240px;object-fit:contain;}.elementor-1418 .elementor-element.elementor-element-374c128 > .elementor-widget-container{margin:0px 0px 0px 0px;}.elementor-1418 .elementor-element.elementor-element-6e856b4 .elementor-button{font-family:\"Overpass\", Sans-serif;font-size:16px;font-weight:900;text-transform:none;font-style:normal;text-decoration:none;fill:var( --e-global-color-text );color:var( --e-global-color-text );background-color:#FFFFFF00;}.elementor-1418 .elementor-element.elementor-element-6e856b4 .elementor-button:hover, .elementor-1418 .elementor-element.elementor-element-6e856b4 .elementor-button:focus{color:var( --e-global-color-secondary );}.elementor-1418 .elementor-element.elementor-element-6e856b4 .elementor-button:hover svg, .elementor-1418 .elementor-element.elementor-element-6e856b4 .elementor-button:focus svg{fill:var( --e-global-color-secondary );}.elementor-1418 .elementor-element.elementor-element-6e856b4 > .elementor-widget-container{margin:0px 0px 0px 0px;padding:0px 0px 0px 0px;}@media(max-width:1100px){.elementor-1418 .elementor-element.elementor-element-f875def .elementor-heading-title{font-size:var( --e-global-typography-78a36cb-font-size );line-height:var( --e-global-typography-78a36cb-line-height );letter-spacing:var( --e-global-typography-78a36cb-letter-spacing );word-spacing:var( --e-global-typography-78a36cb-word-spacing );}.elementor-1418 .elementor-element.elementor-element-6e856b4 .elementor-button{font-size:15px;}}@media(max-width:767px){.elementor-1418 .elementor-element.elementor-element-f875def .elementor-heading-title{font-size:var( --e-global-typography-78a36cb-font-size );line-height:var( --e-global-typography-78a36cb-line-height );letter-spacing:var( --e-global-typography-78a36cb-letter-spacing );word-spacing:var( --e-global-typography-78a36cb-word-spacing );}.elementor-1418 .elementor-element.elementor-element-f875def{--container-widget-width:100%;--container-widget-flex-grow:0;width:var( --container-widget-width, 100% );max-width:100%;}.elementor-1418 .elementor-element.elementor-element-6e856b4 .elementor-button{font-size:15px;}}<\/style>\t\t<div data-elementor-type=\"loop-item\" data-elementor-id=\"1418\" class=\"elementor elementor-1418 e-loop-item e-loop-item-1296 post-1296 page type-page status-publish has-post-thumbnail hentry\" data-elementor-post-type=\"elementor_library\" data-custom-edit-handle=\"1\">\n\t\t\t\t\t\t<div class=\"elementor-element elementor-element-0a6853b e-con-full e-flex e-con e-parent\" data-id=\"0a6853b\" data-element_type=\"container\" data-settings=\"{&quot;content_width&quot;:&quot;full&quot;}\" data-core-v316-plus=\"true\">\n\t\t<div class=\"elementor-element elementor-element-89b8ceb e-con-full e-flex e-con e-child\" data-id=\"89b8ceb\" data-element_type=\"container\" data-settings=\"{&quot;content_width&quot;:&quot;full&quot;}\">\n\t\t\t\t<div class=\"elementor-element elementor-element-f875def elementor-widget__width-initial elementor-widget elementor-widget-heading\" data-id=\"f875def\" data-element_type=\"widget\" data-widget_type=\"heading.default\">\n\t\t\t\t<div class=\"elementor-widget-container\">\n\t\t\t<h5 class=\"elementor-heading-title elementor-size-default\">Iron oxides<\/h5>\t\t<\/div>\n\t\t\t\t<\/div>\n\t\t\t\t<div class=\"elementor-element elementor-element-374c128 elementor-widget elementor-widget-image\" data-id=\"374c128\" data-element_type=\"widget\" data-widget_type=\"image.default\">\n\t\t\t\t<div class=\"elementor-widget-container\">\n\t\t\t\t\t\t\t\t\t\t\t\t\t\t\t\t<a href=\"https:\/\/venetamineraria.com\/en\/products-and-markets\/iron-oxides\/\">\n\t\t\t\t\t\t\t<img decoding=\"async\" loading=\"lazy\" width=\"1122\" height=\"965\" src=\"https:\/\/venetamineraria.com\/app\/uploads\/2023\/03\/ossidi-di-ferro.png\" class=\"attachment-full size-full wp-image-1821\" alt=\"\" srcset=\"https:\/\/venetamineraria.com\/app\/uploads\/2023\/03\/ossidi-di-ferro.png 1122w, https:\/\/venetamineraria.com\/app\/uploads\/2023\/03\/ossidi-di-ferro-300x258.png 300w, https:\/\/venetamineraria.com\/app\/uploads\/2023\/03\/ossidi-di-ferro-1024x881.png 1024w, https:\/\/venetamineraria.com\/app\/uploads\/2023\/03\/ossidi-di-ferro-768x661.png 768w, https:\/\/venetamineraria.com\/app\/uploads\/2023\/03\/ossidi-di-ferro-14x12.png 14w\" sizes=\"(max-width: 1122px) 100vw, 1122px\" \/>\t\t\t\t\t\t\t\t<\/a>\n\t\t\t\t\t\t\t\t\t\t\t\t\t\t\t<\/div>\n\t\t\t\t<\/div>\n\t\t\t\t<div class=\"elementor-element elementor-element-6e856b4 elementor-widget elementor-widget-button\" data-id=\"6e856b4\" data-element_type=\"widget\" data-widget_type=\"button.default\">\n\t\t\t\t<div class=\"elementor-widget-container\">\n\t\t\t\t\t<div class=\"elementor-button-wrapper\">\n\t\t\t<a class=\"elementor-button elementor-button-link elementor-size-sm\" href=\"https:\/\/venetamineraria.com\/en\/products-and-markets\/iron-oxides\/\">\n\t\t\t\t\t\t<span class=\"elementor-button-content-wrapper\">\n\t\t\t\t\t\t<span class=\"elementor-button-icon elementor-align-icon-left\">\n\t\t\t\t<i aria-hidden=\"true\" class=\"far fa-arrow-alt-circle-right\"><\/i>\t\t\t<\/span>\n\t\t\t\t\t\t<span class=\"elementor-button-text\">Read more<\/span>\n\t\t<\/span>\n\t\t\t\t\t<\/a>\n\t\t<\/div>\n\t\t\t\t<\/div>\n\t\t\t\t<\/div>\n\t\t\t\t<\/div>\n\t\t\t\t<\/div>\n\t\t\t\t\t\t<\/div>\n\t\t\t\t<div data-elementor-type=\"loop-item\" data-elementor-id=\"1418\" class=\"elementor elementor-1418 e-loop-item e-loop-item-1283 post-1283 page type-page status-publish has-post-thumbnail hentry\" data-elementor-post-type=\"elementor_library\" data-custom-edit-handle=\"1\">\n\t\t\t\t\t\t<div class=\"elementor-element elementor-element-0a6853b e-con-full e-flex e-con e-parent\" data-id=\"0a6853b\" data-element_type=\"container\" data-settings=\"{&quot;content_width&quot;:&quot;full&quot;}\" data-core-v316-plus=\"true\">\n\t\t<div class=\"elementor-element elementor-element-89b8ceb e-con-full e-flex e-con e-child\" data-id=\"89b8ceb\" data-element_type=\"container\" data-settings=\"{&quot;content_width&quot;:&quot;full&quot;}\">\n\t\t\t\t<div class=\"elementor-element elementor-element-f875def elementor-widget__width-initial elementor-widget elementor-widget-heading\" data-id=\"f875def\" data-element_type=\"widget\" data-widget_type=\"heading.default\">\n\t\t\t\t<div class=\"elementor-widget-container\">\n\t\t\t<h5 class=\"elementor-heading-title elementor-size-default\">Muscovite mica<\/h5>\t\t<\/div>\n\t\t\t\t<\/div>\n\t\t\t\t<div class=\"elementor-element elementor-element-374c128 elementor-widget elementor-widget-image\" data-id=\"374c128\" data-element_type=\"widget\" data-widget_type=\"image.default\">\n\t\t\t\t<div class=\"elementor-widget-container\">\n\t\t\t\t\t\t\t\t\t\t\t\t\t\t\t\t<a href=\"https:\/\/venetamineraria.com\/en\/products-and-markets\/muscovite-mica\/\">\n\t\t\t\t\t\t\t<img decoding=\"async\" loading=\"lazy\" width=\"500\" height=\"417\" src=\"https:\/\/venetamineraria.com\/app\/uploads\/2023\/07\/mica.png\" class=\"attachment-full size-full wp-image-2506\" alt=\"\" srcset=\"https:\/\/venetamineraria.com\/app\/uploads\/2023\/07\/mica.png 500w, https:\/\/venetamineraria.com\/app\/uploads\/2023\/07\/mica-300x250.png 300w, https:\/\/venetamineraria.com\/app\/uploads\/2023\/07\/mica-14x12.png 14w\" sizes=\"(max-width: 500px) 100vw, 500px\" \/>\t\t\t\t\t\t\t\t<\/a>\n\t\t\t\t\t\t\t\t\t\t\t\t\t\t\t<\/div>\n\t\t\t\t<\/div>\n\t\t\t\t<div class=\"elementor-element elementor-element-6e856b4 elementor-widget elementor-widget-button\" data-id=\"6e856b4\" data-element_type=\"widget\" data-widget_type=\"button.default\">\n\t\t\t\t<div class=\"elementor-widget-container\">\n\t\t\t\t\t<div class=\"elementor-button-wrapper\">\n\t\t\t<a class=\"elementor-button elementor-button-link elementor-size-sm\" href=\"https:\/\/venetamineraria.com\/en\/products-and-markets\/muscovite-mica\/\">\n\t\t\t\t\t\t<span class=\"elementor-button-content-wrapper\">\n\t\t\t\t\t\t<span class=\"elementor-button-icon elementor-align-icon-left\">\n\t\t\t\t<i aria-hidden=\"true\" class=\"far fa-arrow-alt-circle-right\"><\/i>\t\t\t<\/span>\n\t\t\t\t\t\t<span class=\"elementor-button-text\">Read more<\/span>\n\t\t<\/span>\n\t\t\t\t\t<\/a>\n\t\t<\/div>\n\t\t\t\t<\/div>\n\t\t\t\t<\/div>\n\t\t\t\t<\/div>\n\t\t\t\t<\/div>\n\t\t\t\t\t\t<\/div>\n\t\t\t\t<div data-elementor-type=\"loop-item\" data-elementor-id=\"1418\" class=\"elementor elementor-1418 e-loop-item e-loop-item-1268 post-1268 page type-page status-publish has-post-thumbnail hentry\" data-elementor-post-type=\"elementor_library\" data-custom-edit-handle=\"1\">\n\t\t\t\t\t\t<div class=\"elementor-element elementor-element-0a6853b e-con-full e-flex e-con e-parent\" data-id=\"0a6853b\" data-element_type=\"container\" data-settings=\"{&quot;content_width&quot;:&quot;full&quot;}\" data-core-v316-plus=\"true\">\n\t\t<div class=\"elementor-element elementor-element-89b8ceb e-con-full e-flex e-con e-child\" data-id=\"89b8ceb\" data-element_type=\"container\" data-settings=\"{&quot;content_width&quot;:&quot;full&quot;}\">\n\t\t\t\t<div class=\"elementor-element elementor-element-f875def elementor-widget__width-initial elementor-widget elementor-widget-heading\" data-id=\"f875def\" data-element_type=\"widget\" data-widget_type=\"heading.default\">\n\t\t\t\t<div class=\"elementor-widget-container\">\n\t\t\t<h5 class=\"elementor-heading-title elementor-size-default\">Kaolin<\/h5>\t\t<\/div>\n\t\t\t\t<\/div>\n\t\t\t\t<div class=\"elementor-element elementor-element-374c128 elementor-widget elementor-widget-image\" data-id=\"374c128\" data-element_type=\"widget\" data-widget_type=\"image.default\">\n\t\t\t\t<div class=\"elementor-widget-container\">\n\t\t\t\t\t\t\t\t\t\t\t\t\t\t\t\t<a href=\"https:\/\/venetamineraria.com\/en\/products-and-markets\/kaolin\/\">\n\t\t\t\t\t\t\t<img decoding=\"async\" loading=\"lazy\" width=\"1068\" height=\"965\" src=\"https:\/\/venetamineraria.com\/app\/uploads\/2023\/03\/Caolino_minerale.png\" class=\"attachment-full size-full wp-image-1553\" alt=\"\" srcset=\"https:\/\/venetamineraria.com\/app\/uploads\/2023\/03\/Caolino_minerale.png 1068w, https:\/\/venetamineraria.com\/app\/uploads\/2023\/03\/Caolino_minerale-300x271.png 300w, https:\/\/venetamineraria.com\/app\/uploads\/2023\/03\/Caolino_minerale-1024x925.png 1024w, https:\/\/venetamineraria.com\/app\/uploads\/2023\/03\/Caolino_minerale-768x694.png 768w, https:\/\/venetamineraria.com\/app\/uploads\/2023\/03\/Caolino_minerale-13x12.png 13w\" sizes=\"(max-width: 1068px) 100vw, 1068px\" \/>\t\t\t\t\t\t\t\t<\/a>\n\t\t\t\t\t\t\t\t\t\t\t\t\t\t\t<\/div>\n\t\t\t\t<\/div>\n\t\t\t\t<div class=\"elementor-element elementor-element-6e856b4 elementor-widget elementor-widget-button\" data-id=\"6e856b4\" data-element_type=\"widget\" data-widget_type=\"button.default\">\n\t\t\t\t<div class=\"elementor-widget-container\">\n\t\t\t\t\t<div class=\"elementor-button-wrapper\">\n\t\t\t<a class=\"elementor-button elementor-button-link elementor-size-sm\" href=\"https:\/\/venetamineraria.com\/en\/products-and-markets\/kaolin\/\">\n\t\t\t\t\t\t<span class=\"elementor-button-content-wrapper\">\n\t\t\t\t\t\t<span class=\"elementor-button-icon elementor-align-icon-left\">\n\t\t\t\t<i aria-hidden=\"true\" class=\"far fa-arrow-alt-circle-right\"><\/i>\t\t\t<\/span>\n\t\t\t\t\t\t<span class=\"elementor-button-text\">Read more<\/span>\n\t\t<\/span>\n\t\t\t\t\t<\/a>\n\t\t<\/div>\n\t\t\t\t<\/div>\n\t\t\t\t<\/div>\n\t\t\t\t<\/div>\n\t\t\t\t<\/div>\n\t\t\t\t\t\t<\/div>\n\t\t\t\t<div data-elementor-type=\"loop-item\" data-elementor-id=\"1418\" class=\"elementor elementor-1418 e-loop-item e-loop-item-1288 post-1288 page type-page status-publish has-post-thumbnail hentry\" data-elementor-post-type=\"elementor_library\" data-custom-edit-handle=\"1\">\n\t\t\t\t\t\t<div class=\"elementor-element elementor-element-0a6853b e-con-full e-flex e-con e-parent\" data-id=\"0a6853b\" data-element_type=\"container\" data-settings=\"{&quot;content_width&quot;:&quot;full&quot;}\" data-core-v316-plus=\"true\">\n\t\t<div class=\"elementor-element elementor-element-89b8ceb e-con-full e-flex e-con e-child\" data-id=\"89b8ceb\" data-element_type=\"container\" data-settings=\"{&quot;content_width&quot;:&quot;full&quot;}\">\n\t\t\t\t<div class=\"elementor-element elementor-element-f875def elementor-widget__width-initial elementor-widget elementor-widget-heading\" data-id=\"f875def\" data-element_type=\"widget\" data-widget_type=\"heading.default\">\n\t\t\t\t<div class=\"elementor-widget-container\">\n\t\t\t<h5 class=\"elementor-heading-title elementor-size-default\">Carbon-based minerals<\/h5>\t\t<\/div>\n\t\t\t\t<\/div>\n\t\t\t\t<div class=\"elementor-element elementor-element-374c128 elementor-widget elementor-widget-image\" data-id=\"374c128\" data-element_type=\"widget\" data-widget_type=\"image.default\">\n\t\t\t\t<div class=\"elementor-widget-container\">\n\t\t\t\t\t\t\t\t\t\t\t\t\t\t\t\t<a href=\"https:\/\/venetamineraria.com\/en\/products-and-markets\/carbon-based-minerals\/\">\n\t\t\t\t\t\t\t<img decoding=\"async\" loading=\"lazy\" width=\"1068\" height=\"965\" src=\"https:\/\/venetamineraria.com\/app\/uploads\/2023\/03\/minerali-base-carbonio.png\" class=\"attachment-full size-full wp-image-1833\" alt=\"\" srcset=\"https:\/\/venetamineraria.com\/app\/uploads\/2023\/03\/minerali-base-carbonio.png 1068w, https:\/\/venetamineraria.com\/app\/uploads\/2023\/03\/minerali-base-carbonio-300x271.png 300w, https:\/\/venetamineraria.com\/app\/uploads\/2023\/03\/minerali-base-carbonio-1024x925.png 1024w, https:\/\/venetamineraria.com\/app\/uploads\/2023\/03\/minerali-base-carbonio-768x694.png 768w, https:\/\/venetamineraria.com\/app\/uploads\/2023\/03\/minerali-base-carbonio-13x12.png 13w\" sizes=\"(max-width: 1068px) 100vw, 1068px\" \/>\t\t\t\t\t\t\t\t<\/a>\n\t\t\t\t\t\t\t\t\t\t\t\t\t\t\t<\/div>\n\t\t\t\t<\/div>\n\t\t\t\t<div class=\"elementor-element elementor-element-6e856b4 elementor-widget elementor-widget-button\" data-id=\"6e856b4\" data-element_type=\"widget\" data-widget_type=\"button.default\">\n\t\t\t\t<div class=\"elementor-widget-container\">\n\t\t\t\t\t<div class=\"elementor-button-wrapper\">\n\t\t\t<a class=\"elementor-button elementor-button-link elementor-size-sm\" href=\"https:\/\/venetamineraria.com\/en\/products-and-markets\/carbon-based-minerals\/\">\n\t\t\t\t\t\t<span class=\"elementor-button-content-wrapper\">\n\t\t\t\t\t\t<span class=\"elementor-button-icon elementor-align-icon-left\">\n\t\t\t\t<i aria-hidden=\"true\" class=\"far fa-arrow-alt-circle-right\"><\/i>\t\t\t<\/span>\n\t\t\t\t\t\t<span class=\"elementor-button-text\">Read more<\/span>\n\t\t<\/span>\n\t\t\t\t\t<\/a>\n\t\t<\/div>\n\t\t\t\t<\/div>\n\t\t\t\t<\/div>\n\t\t\t\t<\/div>\n\t\t\t\t<\/div>\n\t\t\t\t\t\t<\/div>\n\t\t\t\t<\/div>\n\t\t\n\t\t\t\t<\/div>\n\t\t\t\t<\/div>\n\t\t\t\t\t<\/div>\n\t\t<\/div>\n\t\t\t\t\t\t\t<\/div>\n\t\t<\/section>\n\t\t\t\t\t\t\t<\/div>","protected":false},"excerpt":{"rendered":"<p>L&#8217;industria del compounding trasforma e modifica i polimeri attraverso l&#8217;aggiunta di additivi e fillers di varia natura fino ad ottenere le propriet\u00e0 fisiche, termiche, elettriche ed estetiche desiderate. Si ottiene cos\u00ec un blend che attraverso una fase di estrusione o stampaggio d\u00e0 vita al prodotto finito in plastica.I filler sono ampiamente utilizzati in queste applicazioni&#8230;<\/p>","protected":false},"author":3,"featured_media":1560,"parent":128,"menu_order":15,"comment_status":"closed","ping_status":"closed","template":"","meta":{"footnotes":""},"acf":[],"_links":{"self":[{"href":"https:\/\/venetamineraria.com\/en\/wp-json\/wp\/v2\/pages\/1356"}],"collection":[{"href":"https:\/\/venetamineraria.com\/en\/wp-json\/wp\/v2\/pages"}],"about":[{"href":"https:\/\/venetamineraria.com\/en\/wp-json\/wp\/v2\/types\/page"}],"author":[{"embeddable":true,"href":"https:\/\/venetamineraria.com\/en\/wp-json\/wp\/v2\/users\/3"}],"replies":[{"embeddable":true,"href":"https:\/\/venetamineraria.com\/en\/wp-json\/wp\/v2\/comments?post=1356"}],"version-history":[{"count":56,"href":"https:\/\/venetamineraria.com\/en\/wp-json\/wp\/v2\/pages\/1356\/revisions"}],"predecessor-version":[{"id":4087,"href":"https:\/\/venetamineraria.com\/en\/wp-json\/wp\/v2\/pages\/1356\/revisions\/4087"}],"up":[{"embeddable":true,"href":"https:\/\/venetamineraria.com\/en\/wp-json\/wp\/v2\/pages\/128"}],"wp:featuredmedia":[{"embeddable":true,"href":"https:\/\/venetamineraria.com\/en\/wp-json\/wp\/v2\/media\/1560"}],"wp:attachment":[{"href":"https:\/\/venetamineraria.com\/en\/wp-json\/wp\/v2\/media?parent=1356"}],"curies":[{"name":"wp","href":"https:\/\/api.w.org\/{rel}","templated":true}]}}