{"id":1367,"date":"2023-03-03T14:17:56","date_gmt":"2023-03-03T14:17:56","guid":{"rendered":"https:\/\/silent-breeze-ydd3w2zlz0zb.ymirsites.com\/?page_id=1367"},"modified":"2023-12-13T10:42:30","modified_gmt":"2023-12-13T10:42:30","slug":"agricoltura","status":"publish","type":"page","link":"https:\/\/venetamineraria.com\/en\/products-and-markets\/agriculture\/","title":{"rendered":"Agriculture"},"content":{"rendered":"<div data-elementor-type=\"wp-page\" data-elementor-id=\"1367\" class=\"elementor elementor-1367\" data-elementor-post-type=\"page\">\n\t\t\t\t\t\t\t\t\t<section class=\"elementor-section elementor-top-section elementor-element elementor-element-12aa08d9 elementor-section-height-min-height elementor-section-boxed elementor-section-height-default elementor-section-items-middle\" data-id=\"12aa08d9\" data-element_type=\"section\" data-settings=\"{&quot;background_background&quot;:&quot;classic&quot;,&quot;shape_divider_bottom&quot;:&quot;tilt&quot;}\">\n\t\t\t\t\t\t\t<div class=\"elementor-background-overlay\"><\/div>\n\t\t\t\t\t\t<div class=\"elementor-shape elementor-shape-bottom\" data-negative=\"false\">\n\t\t\t<svg xmlns=\"http:\/\/www.w3.org\/2000\/svg\" viewbox=\"0 0 1000 100\" preserveaspectratio=\"none\">\n\t<path class=\"elementor-shape-fill\" d=\"M0,6V0h1000v100L0,6z\"\/>\n<\/svg>\t\t<\/div>\n\t\t\t\t\t<div class=\"elementor-container elementor-column-gap-default\">\n\t\t\t\t\t<div class=\"elementor-column elementor-col-100 elementor-top-column elementor-element elementor-element-289e505b\" data-id=\"289e505b\" data-element_type=\"column\">\n\t\t\t<div class=\"elementor-widget-wrap elementor-element-populated\">\n\t\t\t\t\t\t\t\t\t<\/div>\n\t\t<\/div>\n\t\t\t\t\t\t\t<\/div>\n\t\t<\/section>\n\t\t<div class=\"elementor-element elementor-element-76ee1a5 e-flex e-con-boxed e-con e-parent\" data-id=\"76ee1a5\" data-element_type=\"container\" data-settings=\"{&quot;content_width&quot;:&quot;boxed&quot;}\" data-core-v316-plus=\"true\">\n\t\t\t\t\t<div class=\"e-con-inner\">\n\t\t\t\t<div class=\"elementor-element elementor-element-7ef94ba elementor-widget__width-initial elementor-widget elementor-widget-text-editor\" data-id=\"7ef94ba\" data-element_type=\"widget\" data-widget_type=\"text-editor.default\">\n\t\t\t\t<div class=\"elementor-widget-container\">\n\t\t\t\t\t\t\t<p>The agricultural sector needs products whose origins and composition are carefully controlled. These are used for a range of purposes including improving soil fertility and protecting crops. Moreover, there is a growing demand from consumers for crops grown in accordance with more natural, eco-friendly practices that respect the natural world.<br \/>Regardless of whether it\u2019s conventional and organic farming, industries operating in the agricultural sector are always looking for natural substances and additives for their formulations.<br \/>Veneta Mineraria's mineral fillers are widely used as inert fillers and adjuvants for the production of fertilizers, soil improvers and growing mediums.<br \/>For organic farming, we\u2019ve developed a product formed from kaolinite rock powder, which is specially designed to be applied to foliage to boost defences and protect them from sun damage.<\/p>\t\t\t\t\t\t<\/div>\n\t\t\t\t<\/div>\n\t\t\t\t\t<\/div>\n\t\t\t\t<\/div>\n\t\t\t\t<section class=\"elementor-section elementor-top-section elementor-element elementor-element-7838f0a7 elementor-section-boxed elementor-section-height-default elementor-section-height-default\" data-id=\"7838f0a7\" data-element_type=\"section\">\n\t\t\t\t\t\t<div class=\"elementor-container elementor-column-gap-default\">\n\t\t\t\t\t<div class=\"elementor-column elementor-col-100 elementor-top-column elementor-element elementor-element-25bc1ff3\" data-id=\"25bc1ff3\" data-element_type=\"column\">\n\t\t\t<div class=\"elementor-widget-wrap elementor-element-populated\">\n\t\t\t\t\t\t\t\t<div class=\"elementor-element elementor-element-63ae7502 elementor-widget elementor-widget-heading\" data-id=\"63ae7502\" data-element_type=\"widget\" data-widget_type=\"heading.default\">\n\t\t\t\t<div class=\"elementor-widget-container\">\n\t\t\t<h5 class=\"elementor-heading-title elementor-size-default\">Special products<\/h5>\t\t<\/div>\n\t\t\t\t<\/div>\n\t\t\t\t<div class=\"elementor-element elementor-element-7546cbea elementor-testimonial--layout-image_right elementor-testimonial--align-left CarouselSpecialProduct elementor-testimonial--mobile-align-left elementor-testimonial--skin-default elementor-arrows-yes elementor-widget elementor-widget-testimonial-carousel\" data-id=\"7546cbea\" data-element_type=\"widget\" data-settings=\"{&quot;slides_per_view&quot;:&quot;1&quot;,&quot;slides_to_scroll&quot;:&quot;1&quot;,&quot;space_between&quot;:{&quot;unit&quot;:&quot;px&quot;,&quot;size&quot;:24,&quot;sizes&quot;:[]},&quot;slides_per_view_tablet&quot;:&quot;1&quot;,&quot;slides_per_view_mobile&quot;:&quot;1&quot;,&quot;space_between_mobile&quot;:{&quot;unit&quot;:&quot;px&quot;,&quot;size&quot;:0,&quot;sizes&quot;:[]},&quot;show_arrows&quot;:&quot;yes&quot;,&quot;speed&quot;:500,&quot;loop&quot;:&quot;yes&quot;,&quot;space_between_tablet&quot;:{&quot;unit&quot;:&quot;px&quot;,&quot;size&quot;:10,&quot;sizes&quot;:[]}}\" data-widget_type=\"testimonial-carousel.default\">\n\t\t\t\t<div class=\"elementor-widget-container\">\n\t\t\t\t\t<div class=\"elementor-swiper\">\n\t\t\t<div class=\"elementor-main-swiper swiper-container\">\n\t\t\t\t<div class=\"swiper-wrapper\">\n\t\t\t\t\t\t\t\t\t\t\t<div class=\"swiper-slide\">\n\t\t\t\t\t\t\t\t\t<div class=\"elementor-testimonial\">\n\t\t\t\t\t\t\t<div class=\"elementor-testimonial__content\">\n\t\t\t\t\t<div class=\"elementor-testimonial__text\">\n\t\t\t\t\t\t<strong>Caolino Agri<\/strong> is a plant strengthener, meaning it serves to boost plant defences, and is allowed to be used in organic farming. Chemically inert, it provides effective prevention against numerous agronomic problems; it\u2019s useful for improving a plant\u2019s resistance to stress, whilst fully respecting the environment.\n<\/br><\/br>\nWhen sprayed onto leaves and fruits, it dries to leave a uniform, white film of mineral particles which does not interfere with the plant\u2019s gas exchange. This creates an effective protective barrier against attack from phytophagous insects and fungi. It counteracts the feeding and egg-laying activities of numerous insects, which no longer recognize the plant as a host. It protects against water stress by reducing transpiration and strengthening tissues. It helps block ultraviolet and infrared rays, thus reducing damage caused by the sunlight, and limiting heat stress.\n<strong>Caolin Agri-rock dust<\/strong> is registered on the approved product lists the Agrios Alto Adige and S\u00fcdtiroler Beratungsring fruit-grower associations. It\u2019s also included as a plant fortifier in the Italian Input List (FiBL+ FederBio), a public register that lists the products that can be used by certified organic farmers in Italy.\n\t\t\t\t\t<\/div>\n\t\t\t\t\t<cite class=\"elementor-testimonial__cite\"><span class=\"elementor-testimonial__name\">Caolino AGRI POLVERE DI ROCCIA<\/span><\/cite>\t\t\t\t<\/div>\n\t\t\t\t\t\t<div class=\"elementor-testimonial__footer\">\n\t\t\t\t\t\t\t\t\t<div class=\"elementor-testimonial__image\">\n\t\t\t\t\t\t<img decoding=\"async\" src=\"https:\/\/venetamineraria.com\/app\/uploads\/2023\/12\/Caolino-agri.jpg\" alt=\"Caolino AGRI POLVERE DI ROCCIA\">\n\t\t\t\t\t\t\t\t\t\t\t<\/div>\n\t\t\t\t\t\t\t\t\t\t\t<\/div>\n\t\t<\/div>\n\t\t\t\t\t\t\t\t<\/div>\n\t\t\t\t\t\t\t\t\t<\/div>\n\t\t\t\t\t\t\t<\/div>\n\t\t<\/div>\n\t\t\t\t<\/div>\n\t\t\t\t<\/div>\n\t\t\t\t\t<\/div>\n\t\t<\/div>\n\t\t\t\t\t\t\t<\/div>\n\t\t<\/section>\n\t\t\t\t<section class=\"elementor-section elementor-top-section elementor-element elementor-element-5fba4ec4 elementor-section-height-min-height elementor-section-boxed elementor-section-height-default elementor-section-items-middle\" data-id=\"5fba4ec4\" data-element_type=\"section\" data-settings=\"{&quot;background_background&quot;:&quot;classic&quot;}\">\n\t\t\t\t\t\t\t<div class=\"elementor-background-overlay\"><\/div>\n\t\t\t\t\t\t\t<div class=\"elementor-container elementor-column-gap-default\">\n\t\t\t\t\t<div class=\"elementor-column elementor-col-100 elementor-top-column elementor-element elementor-element-72d8cc53\" data-id=\"72d8cc53\" data-element_type=\"column\">\n\t\t\t<div class=\"elementor-widget-wrap elementor-element-populated\">\n\t\t\t\t\t\t\t\t<div class=\"elementor-element elementor-element-2854e00c elementor-widget elementor-widget-heading\" data-id=\"2854e00c\" data-element_type=\"widget\" data-widget_type=\"heading.default\">\n\t\t\t\t<div class=\"elementor-widget-container\">\n\t\t\t<h5 class=\"elementor-heading-title elementor-size-default\">Products<\/h5>\t\t<\/div>\n\t\t\t\t<\/div>\n\t\t\t\t<div class=\"elementor-element elementor-element-1599f39 elementor-grid-5 elementor-grid-tablet-2 elementor-grid-mobile-1 elementor-widget elementor-widget-loop-grid\" data-id=\"1599f39\" data-element_type=\"widget\" data-settings=\"{&quot;template_id&quot;:&quot;1418&quot;,&quot;columns&quot;:5,&quot;row_gap&quot;:{&quot;unit&quot;:&quot;px&quot;,&quot;size&quot;:32,&quot;sizes&quot;:[]},&quot;_skin&quot;:&quot;post&quot;,&quot;columns_tablet&quot;:&quot;2&quot;,&quot;columns_mobile&quot;:&quot;1&quot;,&quot;edit_handle_selector&quot;:&quot;[data-elementor-type=\\&quot;loop-item\\&quot;]&quot;,&quot;row_gap_tablet&quot;:{&quot;unit&quot;:&quot;px&quot;,&quot;size&quot;:&quot;&quot;,&quot;sizes&quot;:[]},&quot;row_gap_mobile&quot;:{&quot;unit&quot;:&quot;px&quot;,&quot;size&quot;:&quot;&quot;,&quot;sizes&quot;:[]}}\" data-widget_type=\"loop-grid.post\">\n\t\t\t\t<div class=\"elementor-widget-container\">\n\t\t\t\t\t<div class=\"elementor-loop-container elementor-grid\">\n\t\t<style id=\"loop-1418\">.elementor-1418 .elementor-element.elementor-element-0a6853b{--display:flex;--min-height:395px;--flex-direction:row;--container-widget-width:calc( ( 1 - var( --container-widget-flex-grow ) ) * 100% );--container-widget-height:100%;--container-widget-flex-grow:1;--container-widget-align-self:stretch;--align-items:stretch;--gap:10px 10px;--background-transition:0.3s;--padding-block-start:0px;--padding-block-end:0px;--padding-inline-start:0px;--padding-inline-end:0px;}.elementor-1418 .elementor-element.elementor-element-89b8ceb{--display:flex;--justify-content:space-between;--gap:0px 0px;--background-transition:0.3s;}.elementor-1418 .elementor-element.elementor-element-f875def .elementor-heading-title{font-family:var( --e-global-typography-78a36cb-font-family ), Sans-serif;font-size:var( --e-global-typography-78a36cb-font-size );font-weight:var( --e-global-typography-78a36cb-font-weight );text-transform:var( --e-global-typography-78a36cb-text-transform );line-height:var( --e-global-typography-78a36cb-line-height );letter-spacing:var( --e-global-typography-78a36cb-letter-spacing );word-spacing:var( --e-global-typography-78a36cb-word-spacing );}.elementor-1418 .elementor-element.elementor-element-f875def > .elementor-widget-container{margin:0px 0px 30px 0px;}.elementor-1418 .elementor-element.elementor-element-f875def{width:var( --container-widget-width, 80% );max-width:80%;--container-widget-width:80%;--container-widget-flex-grow:0;}.elementor-1418 .elementor-element.elementor-element-374c128{text-align:left;}.elementor-1418 .elementor-element.elementor-element-374c128 img{width:240px;max-width:100%;height:240px;object-fit:contain;}.elementor-1418 .elementor-element.elementor-element-374c128 > .elementor-widget-container{margin:0px 0px 0px 0px;}.elementor-1418 .elementor-element.elementor-element-6e856b4 .elementor-button{font-family:\"Overpass\", Sans-serif;font-size:16px;font-weight:900;text-transform:none;font-style:normal;text-decoration:none;fill:var( --e-global-color-text );color:var( --e-global-color-text );background-color:#FFFFFF00;}.elementor-1418 .elementor-element.elementor-element-6e856b4 .elementor-button:hover, .elementor-1418 .elementor-element.elementor-element-6e856b4 .elementor-button:focus{color:var( --e-global-color-secondary );}.elementor-1418 .elementor-element.elementor-element-6e856b4 .elementor-button:hover svg, .elementor-1418 .elementor-element.elementor-element-6e856b4 .elementor-button:focus svg{fill:var( --e-global-color-secondary );}.elementor-1418 .elementor-element.elementor-element-6e856b4 > .elementor-widget-container{margin:0px 0px 0px 0px;padding:0px 0px 0px 0px;}@media(max-width:1100px){.elementor-1418 .elementor-element.elementor-element-f875def .elementor-heading-title{font-size:var( --e-global-typography-78a36cb-font-size );line-height:var( --e-global-typography-78a36cb-line-height );letter-spacing:var( --e-global-typography-78a36cb-letter-spacing );word-spacing:var( --e-global-typography-78a36cb-word-spacing );}.elementor-1418 .elementor-element.elementor-element-6e856b4 .elementor-button{font-size:15px;}}@media(max-width:767px){.elementor-1418 .elementor-element.elementor-element-f875def .elementor-heading-title{font-size:var( --e-global-typography-78a36cb-font-size );line-height:var( --e-global-typography-78a36cb-line-height );letter-spacing:var( --e-global-typography-78a36cb-letter-spacing );word-spacing:var( --e-global-typography-78a36cb-word-spacing );}.elementor-1418 .elementor-element.elementor-element-f875def{--container-widget-width:100%;--container-widget-flex-grow:0;width:var( --container-widget-width, 100% );max-width:100%;}.elementor-1418 .elementor-element.elementor-element-6e856b4 .elementor-button{font-size:15px;}}<\/style>\t\t<div data-elementor-type=\"loop-item\" data-elementor-id=\"1418\" class=\"elementor elementor-1418 e-loop-item e-loop-item-1283 post-1283 page type-page status-publish has-post-thumbnail hentry\" data-elementor-post-type=\"elementor_library\" data-custom-edit-handle=\"1\">\n\t\t\t\t\t\t<div class=\"elementor-element elementor-element-0a6853b e-con-full e-flex e-con e-parent\" data-id=\"0a6853b\" data-element_type=\"container\" data-settings=\"{&quot;content_width&quot;:&quot;full&quot;}\" data-core-v316-plus=\"true\">\n\t\t<div class=\"elementor-element elementor-element-89b8ceb e-con-full e-flex e-con e-child\" data-id=\"89b8ceb\" data-element_type=\"container\" data-settings=\"{&quot;content_width&quot;:&quot;full&quot;}\">\n\t\t\t\t<div class=\"elementor-element elementor-element-f875def elementor-widget__width-initial elementor-widget elementor-widget-heading\" data-id=\"f875def\" data-element_type=\"widget\" data-widget_type=\"heading.default\">\n\t\t\t\t<div class=\"elementor-widget-container\">\n\t\t\t<h5 class=\"elementor-heading-title elementor-size-default\">Muscovite mica<\/h5>\t\t<\/div>\n\t\t\t\t<\/div>\n\t\t\t\t<div class=\"elementor-element elementor-element-374c128 elementor-widget elementor-widget-image\" data-id=\"374c128\" data-element_type=\"widget\" data-widget_type=\"image.default\">\n\t\t\t\t<div class=\"elementor-widget-container\">\n\t\t\t\t\t\t\t\t\t\t\t\t\t\t\t\t<a href=\"https:\/\/venetamineraria.com\/en\/products-and-markets\/muscovite-mica\/\">\n\t\t\t\t\t\t\t<img decoding=\"async\" loading=\"lazy\" width=\"500\" height=\"417\" src=\"https:\/\/venetamineraria.com\/app\/uploads\/2023\/07\/mica.png\" class=\"attachment-full size-full wp-image-2506\" alt=\"\" srcset=\"https:\/\/venetamineraria.com\/app\/uploads\/2023\/07\/mica.png 500w, https:\/\/venetamineraria.com\/app\/uploads\/2023\/07\/mica-300x250.png 300w, https:\/\/venetamineraria.com\/app\/uploads\/2023\/07\/mica-14x12.png 14w\" sizes=\"(max-width: 500px) 100vw, 500px\" \/>\t\t\t\t\t\t\t\t<\/a>\n\t\t\t\t\t\t\t\t\t\t\t\t\t\t\t<\/div>\n\t\t\t\t<\/div>\n\t\t\t\t<div class=\"elementor-element elementor-element-6e856b4 elementor-widget elementor-widget-button\" data-id=\"6e856b4\" data-element_type=\"widget\" data-widget_type=\"button.default\">\n\t\t\t\t<div class=\"elementor-widget-container\">\n\t\t\t\t\t<div class=\"elementor-button-wrapper\">\n\t\t\t<a class=\"elementor-button elementor-button-link elementor-size-sm\" href=\"https:\/\/venetamineraria.com\/en\/products-and-markets\/muscovite-mica\/\">\n\t\t\t\t\t\t<span class=\"elementor-button-content-wrapper\">\n\t\t\t\t\t\t<span class=\"elementor-button-icon elementor-align-icon-left\">\n\t\t\t\t<i aria-hidden=\"true\" class=\"far fa-arrow-alt-circle-right\"><\/i>\t\t\t<\/span>\n\t\t\t\t\t\t<span class=\"elementor-button-text\">Read more<\/span>\n\t\t<\/span>\n\t\t\t\t\t<\/a>\n\t\t<\/div>\n\t\t\t\t<\/div>\n\t\t\t\t<\/div>\n\t\t\t\t<\/div>\n\t\t\t\t<\/div>\n\t\t\t\t\t\t<\/div>\n\t\t\t\t<div data-elementor-type=\"loop-item\" data-elementor-id=\"1418\" class=\"elementor elementor-1418 e-loop-item e-loop-item-1268 post-1268 page type-page status-publish has-post-thumbnail hentry\" data-elementor-post-type=\"elementor_library\" data-custom-edit-handle=\"1\">\n\t\t\t\t\t\t<div class=\"elementor-element elementor-element-0a6853b e-con-full e-flex e-con e-parent\" data-id=\"0a6853b\" data-element_type=\"container\" data-settings=\"{&quot;content_width&quot;:&quot;full&quot;}\" data-core-v316-plus=\"true\">\n\t\t<div class=\"elementor-element elementor-element-89b8ceb e-con-full e-flex e-con e-child\" data-id=\"89b8ceb\" data-element_type=\"container\" data-settings=\"{&quot;content_width&quot;:&quot;full&quot;}\">\n\t\t\t\t<div class=\"elementor-element elementor-element-f875def elementor-widget__width-initial elementor-widget elementor-widget-heading\" data-id=\"f875def\" data-element_type=\"widget\" data-widget_type=\"heading.default\">\n\t\t\t\t<div class=\"elementor-widget-container\">\n\t\t\t<h5 class=\"elementor-heading-title elementor-size-default\">Kaolin<\/h5>\t\t<\/div>\n\t\t\t\t<\/div>\n\t\t\t\t<div class=\"elementor-element elementor-element-374c128 elementor-widget elementor-widget-image\" data-id=\"374c128\" data-element_type=\"widget\" data-widget_type=\"image.default\">\n\t\t\t\t<div class=\"elementor-widget-container\">\n\t\t\t\t\t\t\t\t\t\t\t\t\t\t\t\t<a href=\"https:\/\/venetamineraria.com\/en\/products-and-markets\/kaolin\/\">\n\t\t\t\t\t\t\t<img decoding=\"async\" loading=\"lazy\" width=\"1068\" height=\"965\" src=\"https:\/\/venetamineraria.com\/app\/uploads\/2023\/03\/Caolino_minerale.png\" class=\"attachment-full size-full wp-image-1553\" alt=\"\" srcset=\"https:\/\/venetamineraria.com\/app\/uploads\/2023\/03\/Caolino_minerale.png 1068w, https:\/\/venetamineraria.com\/app\/uploads\/2023\/03\/Caolino_minerale-300x271.png 300w, https:\/\/venetamineraria.com\/app\/uploads\/2023\/03\/Caolino_minerale-1024x925.png 1024w, https:\/\/venetamineraria.com\/app\/uploads\/2023\/03\/Caolino_minerale-768x694.png 768w, https:\/\/venetamineraria.com\/app\/uploads\/2023\/03\/Caolino_minerale-13x12.png 13w\" sizes=\"(max-width: 1068px) 100vw, 1068px\" \/>\t\t\t\t\t\t\t\t<\/a>\n\t\t\t\t\t\t\t\t\t\t\t\t\t\t\t<\/div>\n\t\t\t\t<\/div>\n\t\t\t\t<div class=\"elementor-element elementor-element-6e856b4 elementor-widget elementor-widget-button\" data-id=\"6e856b4\" data-element_type=\"widget\" data-widget_type=\"button.default\">\n\t\t\t\t<div class=\"elementor-widget-container\">\n\t\t\t\t\t<div class=\"elementor-button-wrapper\">\n\t\t\t<a class=\"elementor-button elementor-button-link elementor-size-sm\" href=\"https:\/\/venetamineraria.com\/en\/products-and-markets\/kaolin\/\">\n\t\t\t\t\t\t<span class=\"elementor-button-content-wrapper\">\n\t\t\t\t\t\t<span class=\"elementor-button-icon elementor-align-icon-left\">\n\t\t\t\t<i aria-hidden=\"true\" class=\"far fa-arrow-alt-circle-right\"><\/i>\t\t\t<\/span>\n\t\t\t\t\t\t<span class=\"elementor-button-text\">Read more<\/span>\n\t\t<\/span>\n\t\t\t\t\t<\/a>\n\t\t<\/div>\n\t\t\t\t<\/div>\n\t\t\t\t<\/div>\n\t\t\t\t<\/div>\n\t\t\t\t<\/div>\n\t\t\t\t\t\t<\/div>\n\t\t\t\t<div data-elementor-type=\"loop-item\" data-elementor-id=\"1418\" class=\"elementor elementor-1418 e-loop-item e-loop-item-1303 post-1303 page type-page status-publish has-post-thumbnail hentry\" data-elementor-post-type=\"elementor_library\" data-custom-edit-handle=\"1\">\n\t\t\t\t\t\t<div class=\"elementor-element elementor-element-0a6853b e-con-full e-flex e-con e-parent\" data-id=\"0a6853b\" data-element_type=\"container\" data-settings=\"{&quot;content_width&quot;:&quot;full&quot;}\" data-core-v316-plus=\"true\">\n\t\t<div class=\"elementor-element elementor-element-89b8ceb e-con-full e-flex e-con e-child\" data-id=\"89b8ceb\" data-element_type=\"container\" data-settings=\"{&quot;content_width&quot;:&quot;full&quot;}\">\n\t\t\t\t<div class=\"elementor-element elementor-element-f875def elementor-widget__width-initial elementor-widget elementor-widget-heading\" data-id=\"f875def\" data-element_type=\"widget\" data-widget_type=\"heading.default\">\n\t\t\t\t<div class=\"elementor-widget-container\">\n\t\t\t<h5 class=\"elementor-heading-title elementor-size-default\">Sulphur<\/h5>\t\t<\/div>\n\t\t\t\t<\/div>\n\t\t\t\t<div class=\"elementor-element elementor-element-374c128 elementor-widget elementor-widget-image\" data-id=\"374c128\" data-element_type=\"widget\" data-widget_type=\"image.default\">\n\t\t\t\t<div class=\"elementor-widget-container\">\n\t\t\t\t\t\t\t\t\t\t\t\t\t\t\t\t<a href=\"https:\/\/venetamineraria.com\/en\/products-and-markets\/sulphur\/\">\n\t\t\t\t\t\t\t<img decoding=\"async\" loading=\"lazy\" width=\"1068\" height=\"965\" src=\"https:\/\/venetamineraria.com\/app\/uploads\/2023\/03\/zolfo.png\" class=\"attachment-full size-full wp-image-1717\" alt=\"\" srcset=\"https:\/\/venetamineraria.com\/app\/uploads\/2023\/03\/zolfo.png 1068w, https:\/\/venetamineraria.com\/app\/uploads\/2023\/03\/zolfo-300x271.png 300w, https:\/\/venetamineraria.com\/app\/uploads\/2023\/03\/zolfo-1024x925.png 1024w, https:\/\/venetamineraria.com\/app\/uploads\/2023\/03\/zolfo-768x694.png 768w, https:\/\/venetamineraria.com\/app\/uploads\/2023\/03\/zolfo-13x12.png 13w\" sizes=\"(max-width: 1068px) 100vw, 1068px\" \/>\t\t\t\t\t\t\t\t<\/a>\n\t\t\t\t\t\t\t\t\t\t\t\t\t\t\t<\/div>\n\t\t\t\t<\/div>\n\t\t\t\t<div class=\"elementor-element elementor-element-6e856b4 elementor-widget elementor-widget-button\" data-id=\"6e856b4\" data-element_type=\"widget\" data-widget_type=\"button.default\">\n\t\t\t\t<div class=\"elementor-widget-container\">\n\t\t\t\t\t<div class=\"elementor-button-wrapper\">\n\t\t\t<a class=\"elementor-button elementor-button-link elementor-size-sm\" href=\"https:\/\/venetamineraria.com\/en\/products-and-markets\/sulphur\/\">\n\t\t\t\t\t\t<span class=\"elementor-button-content-wrapper\">\n\t\t\t\t\t\t<span class=\"elementor-button-icon elementor-align-icon-left\">\n\t\t\t\t<i aria-hidden=\"true\" class=\"far fa-arrow-alt-circle-right\"><\/i>\t\t\t<\/span>\n\t\t\t\t\t\t<span class=\"elementor-button-text\">Read more<\/span>\n\t\t<\/span>\n\t\t\t\t\t<\/a>\n\t\t<\/div>\n\t\t\t\t<\/div>\n\t\t\t\t<\/div>\n\t\t\t\t<\/div>\n\t\t\t\t<\/div>\n\t\t\t\t\t\t<\/div>\n\t\t\t\t<\/div>\n\t\t\n\t\t\t\t<\/div>\n\t\t\t\t<\/div>\n\t\t\t\t\t<\/div>\n\t\t<\/div>\n\t\t\t\t\t\t\t<\/div>\n\t\t<\/section>\n\t\t\t\t\t\t\t<\/div>","protected":false},"excerpt":{"rendered":"<p>Il settore dell\u2019agricoltura necessita di prodotti di origine e composizione controllati da utilizzare per svariate finalit\u00e0 quali rendere fertile un terreno inospitale e proteggere le colture. Inoltre, da parte dei consumatori \u00e8 crescente la richiesta di prodotti coltivati seguendo le migliori pratiche ambientali e con processi pi\u00f9 naturali e rispettosi della natura che ci circonda.Le&#8230;<\/p>","protected":false},"author":3,"featured_media":1551,"parent":128,"menu_order":27,"comment_status":"closed","ping_status":"closed","template":"","meta":{"footnotes":""},"acf":[],"_links":{"self":[{"href":"https:\/\/venetamineraria.com\/en\/wp-json\/wp\/v2\/pages\/1367"}],"collection":[{"href":"https:\/\/venetamineraria.com\/en\/wp-json\/wp\/v2\/pages"}],"about":[{"href":"https:\/\/venetamineraria.com\/en\/wp-json\/wp\/v2\/types\/page"}],"author":[{"embeddable":true,"href":"https:\/\/venetamineraria.com\/en\/wp-json\/wp\/v2\/users\/3"}],"replies":[{"embeddable":true,"href":"https:\/\/venetamineraria.com\/en\/wp-json\/wp\/v2\/comments?post=1367"}],"version-history":[{"count":70,"href":"https:\/\/venetamineraria.com\/en\/wp-json\/wp\/v2\/pages\/1367\/revisions"}],"predecessor-version":[{"id":4057,"href":"https:\/\/venetamineraria.com\/en\/wp-json\/wp\/v2\/pages\/1367\/revisions\/4057"}],"up":[{"embeddable":true,"href":"https:\/\/venetamineraria.com\/en\/wp-json\/wp\/v2\/pages\/128"}],"wp:featuredmedia":[{"embeddable":true,"href":"https:\/\/venetamineraria.com\/en\/wp-json\/wp\/v2\/media\/1551"}],"wp:attachment":[{"href":"https:\/\/venetamineraria.com\/en\/wp-json\/wp\/v2\/media?parent=1367"}],"curies":[{"name":"wp","href":"https:\/\/api.w.org\/{rel}","templated":true}]}}